{"id":232,"date":"2019-03-07T15:25:08","date_gmt":"2019-03-07T14:25:08","guid":{"rendered":"https:\/\/www.jati-schimmelpilzentferner.de\/?page_id=232"},"modified":"2023-03-23T16:29:26","modified_gmt":"2023-03-23T15:29:26","slug":"impressum","status":"publish","type":"page","link":"https:\/\/www.jati-schimmelpilzentferner.de\/index.php\/impressum\/","title":{"rendered":"Impressum"},"content":{"rendered":"<section class=\"l-section wpb_row height_medium\"><div class=\"l-section-h i-cf\"><div class=\"g-cols vc_row via_grid cols_1 laptops-cols_inherit tablets-cols_inherit mobiles-cols_1 valign_top type_default stacking_default\"><div class=\"wpb_column vc_column_container\"><div class=\"vc_column-inner\"><div class=\"wpb_text_column\"><div class=\"wpb_wrapper\"><h1>Impressum<\/h1>\n<\/div><\/div><div class=\"wpb_text_column\"><div class=\"wpb_wrapper\"><p>Angaben gem\u00e4\u00df \u00a7 5 TMG:<br \/>\nDipl.-Ing. Holger Oetzel<br \/>\nIngenieurb\u00fcro Oetzel<br \/>\nGlogauer Str. 15<br \/>\n34212 Melsungen<\/p>\n<p>Kontakt:<br \/>\nTelefon: 05661 9260920<br \/>\nTelefax: 05661 9260922<br \/>\nE-Mail: info@umweltanalytik.com<br \/>\nUmsatzsteuer-ID:<br \/>\nUmsatzsteuer-Identifikationsnummer gem\u00e4\u00df \u00a727 a Umsatzsteuergesetz:<br \/>\nDE157004796<\/p>\n<p>D-U-N-S\u00ae Nummer:<br \/>\n498667138<\/p>\n<p>Plattform der EU-Kommission zur Online-Streitbeilegung: www.ec.europa.eu\/consumers\/odr<br \/>\nUnser Gesch\u00e4ftssitz in Melsungen:<br \/>\nFirmensitz Ingenieurb\u00fcro Oetzel &#8211; Glogauer Str. 15 &#8211; 34212 Melsungen<\/p>\n<p>Bitte vereinbaren Sie vor Ihrer Anreise einen Termin mit uns.<\/p>\n<p>Haftungshinweis: Trotz sorgf\u00e4ltiger inhaltlicher Kontrolle \u00fcbernehmen wir keine Haftung f\u00fcr die Inhalte externer Links. F\u00fcr den Inhalt der verlinkten Seiten sind ausschlie\u00dflich deren Betreiber verantwortlich.<br \/>\nIm Falle von Domainstreitigkeiten oder wettbewerbsrechtlichen oder \u00e4hnlichen Problemen bitten wir Sie, zur Vermeidung unn\u00f6tiger Rechtsstreite und Kosten, uns bereits im Vorfeld zu kontaktieren. Die Kostennote einer anwaltlichen Abmahnung ohne vorhergehende Kontaktaufnahme mit dem Ingenieurb\u00fcro Oetzel wird im Sinne der Schadensminderungspflicht als unbegr\u00fcndet zur\u00fcckgewiesen.<\/p>\n<\/div><\/div><\/div><\/div><\/div><\/div><\/section>\n","protected":false},"excerpt":{"rendered":"","protected":false},"author":2,"featured_media":0,"parent":0,"menu_order":0,"comment_status":"closed","ping_status":"closed","template":"","meta":{"footnotes":""},"class_list":["post-232","page","type-page","status-publish","hentry"],"_links":{"self":[{"href":"https:\/\/www.jati-schimmelpilzentferner.de\/index.php\/wp-json\/wp\/v2\/pages\/232","targetHints":{"allow":["GET"]}}],"collection":[{"href":"https:\/\/www.jati-schimmelpilzentferner.de\/index.php\/wp-json\/wp\/v2\/pages"}],"about":[{"href":"https:\/\/www.jati-schimmelpilzentferner.de\/index.php\/wp-json\/wp\/v2\/types\/page"}],"author":[{"embeddable":true,"href":"https:\/\/www.jati-schimmelpilzentferner.de\/index.php\/wp-json\/wp\/v2\/users\/2"}],"replies":[{"embeddable":true,"href":"https:\/\/www.jati-schimmelpilzentferner.de\/index.php\/wp-json\/wp\/v2\/comments?post=232"}],"version-history":[{"count":5,"href":"https:\/\/www.jati-schimmelpilzentferner.de\/index.php\/wp-json\/wp\/v2\/pages\/232\/revisions"}],"predecessor-version":[{"id":792,"href":"https:\/\/www.jati-schimmelpilzentferner.de\/index.php\/wp-json\/wp\/v2\/pages\/232\/revisions\/792"}],"wp:attachment":[{"href":"https:\/\/www.jati-schimmelpilzentferner.de\/index.php\/wp-json\/wp\/v2\/media?parent=232"}],"curies":[{"name":"wp","href":"https:\/\/api.w.org\/{rel}","templated":true}]}}