{"id":61,"date":"2019-03-05T20:42:19","date_gmt":"2019-03-05T19:42:19","guid":{"rendered":"https:\/\/www.jati-schimmelpilzentferner.de\/?page_id=61"},"modified":"2019-03-07T15:18:51","modified_gmt":"2019-03-07T14:18:51","slug":"fragen-zum-produkt","status":"publish","type":"page","link":"https:\/\/www.jati-schimmelpilzentferner.de\/index.php\/fragen-zum-produkt\/","title":{"rendered":"Fragen zum Produkt"},"content":{"rendered":"<section class=\"l-section wpb_row height_medium\"><div class=\"l-section-h i-cf\"><div class=\"g-cols vc_row via_grid cols_1 laptops-cols_inherit tablets-cols_inherit mobiles-cols_1 valign_top type_default stacking_default\"><div class=\"wpb_column vc_column_container\"><div class=\"vc_column-inner\"><div class=\"wpb_text_column\"><div class=\"wpb_wrapper\"><h1>Fragen zum Produkt<\/h1>\n<\/div><\/div><div class=\"w-separator size_small\"><\/div><\/div><\/div><\/div><\/div><\/section><section class=\"l-section wpb_row height_medium color_alternate\"><div class=\"l-section-h i-cf\"><div class=\"g-cols vc_row via_grid cols_1 laptops-cols_inherit tablets-cols_inherit mobiles-cols_1 valign_top type_default stacking_default\"><div class=\"wpb_column vc_column_container\"><div class=\"vc_column-inner\"><div class=\"wpb_text_column\"><div class=\"wpb_wrapper\"><p><u> <span style=\"font-family: Arial, sans-serif;\"><span style=\"font-size: large;\"><b>Ist der Jati Schimmelpilz-Entferner f\u00fcr den Menschen giftig?<\/b><\/span><\/span><\/u><\/p>\n<p><span style=\"font-family: Arial, sans-serif;\"><span style=\"font-size: medium;\">Nein. Jati-Schimmelpilz-Entferner ist im Gegensatz zu den meisten industriellen Schimmelpilzmitteln frei von Chlor sowie ohne Aldehyde, Alkohole oder quartern\u00e4re Ammoniumverbindungen. Jati-Schimmelpilz-Entferner basiert auf Fruchts\u00e4uren, die auch in der Lebensmittelindustrie eingesetzt werden.<\/span><\/span><\/p>\n<p><span style=\"font-family: Arial, sans-serif;\"><span style=\"font-size: medium;\">IBei der Nutzung des Jati-Schimmelpilz-Entferners brauchen Sie somit keine besonderen Sicherheitsvorschriften zu beachten. Grunds\u00e4tzlich sollte man sich jedoch vor der Gef\u00e4hrdung durch den Schimmelpilz selbst sch\u00fctzen. Hier empfehlen sich diverse Sicherheitsvorkehrungen wie Atemschutzmaske, Handschuhe etc.<\/span><\/span><\/p>\n<\/div><\/div><div class=\"w-separator size_small\"><\/div><\/div><\/div><\/div><\/div><\/section><section class=\"l-section wpb_row height_medium\"><div class=\"l-section-h i-cf\"><div class=\"g-cols vc_row via_grid cols_1 laptops-cols_inherit tablets-cols_inherit mobiles-cols_1 valign_top type_default stacking_default\"><div class=\"wpb_column vc_column_container\"><div class=\"vc_column-inner\"><div class=\"wpb_text_column\"><div class=\"wpb_wrapper\"><p><span style=\"font-family: Arial, sans-serif;\"><span style=\"font-size: large;\"><u><b>Wie wirkt der Jati-Schimmelpilzentferner?<\/b><\/u><\/span><\/span><\/p>\n<p><span style=\"font-family: Arial, sans-serif;\"><span style=\"font-size: medium;\">Der Erfolg des Jati-Schimmelentferners liegt vor allem in der Kombination aus Fruchts\u00e4uren und Aktivsauerstoff, der es gelingt, die Schutzmechanismen des Schimmelpilzes zu durchbrechen und dessen Zellen auch von innen heraus zu zerst\u00f6ren. Auf der Zelloberfl\u00e4che des Schimmelpilzes befinden sich bestimmte Enzyme, sogenannte Katalasen, die ihn u.a. vor Aktivsauerstoff sch\u00fctzen. Beim Jati-Schimmelpilz-Entferner k\u00f6nnen diese Katalasen jedoch den durch Kombination mit den Fruchts\u00e4uren \u201egetarnten\u201c Aktivsauerstoff nicht erkennen: er gelangt wie ein \u201eTrojanisches Pferd\u201c in das Innere der Zellen, um von dort den Schimmelpilz abzut\u00f6ten. Die enthaltene Menge an Aktivsauerstoff ist f\u00fcr Mensch und Tier unbedenklich, denn sie liegt unterhalb der Gefahrstoffschwelle &#8211; im Gegensatz zu vielen herk\u00f6mmlichen Mitteln, bei denen hochkonzentriertes Wasserstoffperoxid eingesetzt wird.<\/span><\/span><\/p>\n<p><span style=\"font-family: Arial, sans-serif;\"><span style=\"font-size: medium;\">Der Aktivsauerstoff wird nach dem Wirken des Mittels in Sauerstoff umgewandelt, die Fruchts\u00e4uren hingegen bleiben auf den behandelten W\u00e4nden zur\u00fcck, wirken schimmelhemmend und verhindern so den schnellen Neubefall.<\/span><\/span><\/p>\n<\/div><\/div><div class=\"w-separator size_small\"><\/div><\/div><\/div><\/div><\/div><\/section><section class=\"l-section wpb_row height_medium color_alternate\"><div class=\"l-section-h i-cf\"><div class=\"g-cols vc_row via_grid cols_1 laptops-cols_inherit tablets-cols_inherit mobiles-cols_1 valign_top type_default stacking_default\"><div class=\"wpb_column vc_column_container\"><div class=\"vc_column-inner\"><div class=\"wpb_text_column\"><div class=\"wpb_wrapper\"><p><span style=\"font-family: Arial, sans-serif;\"><span style=\"font-size: medium;\"><span style=\"font-size: large;\"><u><b>Warum m\u00fcssen auch die Schimmelpilzsporen vernichtet werden?<\/b><\/u><\/span><\/span><\/span><\/p>\n<p><span style=\"font-family: Arial, sans-serif;\"><span style=\"font-size: medium;\">Der Schimmelpilz wird \u00fcber Schimmelpilzsporen verbreitet. Eine Spore kann lange Zeit selbst unter den unwirtlichsten Bedingungen \u00fcberleben, um irgendwann bei gen\u00fcgend Feuchtigkeit auszukeimen und einen Schimmelbefall zu verursachen. Der Jati-Schimmelpilz-Entferner schafft es durch seine besondere Wirkstoffkombination aus Fruchts\u00e4uren und Aktivsauerstoff, die sehr robuste Sporenkapsel zu durchdringen und so die Spore zu zerst\u00f6ren.<\/span><\/span><\/p>\n<\/div><\/div><div class=\"w-separator size_small\"><\/div><\/div><\/div><\/div><\/div><\/section><section class=\"l-section wpb_row height_medium\"><div class=\"l-section-h i-cf\"><div class=\"g-cols vc_row via_grid cols_1 laptops-cols_inherit tablets-cols_inherit mobiles-cols_1 valign_top type_default stacking_default\"><div class=\"wpb_column vc_column_container\"><div class=\"vc_column-inner\"><div class=\"wpb_text_column\"><div class=\"wpb_wrapper\"><p><span style=\"font-family: Arial, sans-serif;\"><span style=\"font-size: medium;\"><span style=\"font-size: large;\"><u><b>Warum sind die im Schimmelpilz enthaltenen Allergene oder Toxine (sogenannte Mykotoxine) so gef\u00e4hrlich?<\/b><\/u><\/span><\/span><\/span><\/p>\n<p><span style=\"font-family: Arial, sans-serif;\"><span style=\"font-size: medium;\">Bestimmte Schimmelpilze k\u00f6nnen f\u00fcr jeden Menschen gef\u00e4hrlich sein. Besonders betroffen sind alte und kranke Menschen, aber auch Kinder und Schwangere. Kopfschmerzen, \u00dcbelkeit, Schlaflosigkeit, oder Konzentrationsschwierigkeiten k\u00f6nnen erste Anzeichen eines durch Schimmelpilze verursachten Krankheitsbildes sein. Je nach Veranlagung des Einzelnen und der Art des Schimmelpilzes kann es sogar zu schwersten neurologischen Vergiftungserscheinungen kommen. Noch h\u00e4ufiger machen sich die Allergene des Schimmelpilzes bemerkbar. Gegen das Einatmen von Pilzsporen oder von Schimmelpilzteilen k\u00f6nnen sich Allergiker, vor allem in den Sommermonaten, kaum sch\u00fctzen.<\/span><\/span><\/p>\n<\/div><\/div><div class=\"w-separator size_small\"><\/div><\/div><\/div><\/div><\/div><\/section><section class=\"l-section wpb_row height_medium color_alternate\"><div class=\"l-section-h i-cf\"><div class=\"g-cols vc_row via_grid cols_1 laptops-cols_inherit tablets-cols_inherit mobiles-cols_1 valign_top type_default stacking_default\"><div class=\"wpb_column vc_column_container\"><div class=\"vc_column-inner\"><div class=\"wpb_text_column\"><div class=\"wpb_wrapper\"><p><span style=\"font-family: Arial, sans-serif;\"><span style=\"font-size: medium;\"><span style=\"font-size: large;\"><u><b>Wieso ist der Jati Schimmelpilzentferner kein Gefahrgut?<\/b><\/u><\/span><\/span><\/span><\/p>\n<p><span style=\"font-family: Arial, sans-serif;\"><span style=\"font-size: medium;\">Die enthaltene Menge an Wasserstoffperoxid liegt unterhalb der Gefahrstoffschwelle. Das Wasserstoffperoxid reagiert sich rasch nach erfolgter Wirkung ab und spaltet sich in Wasser und Sauerstoff auf. Die Fruchts\u00e4uren hingegen bleiben auf den behandelten Fl\u00e4chen zur\u00fcck, wirken schimmelhemmend und verhindern so den schnellen Neubefall.<\/span><\/span><\/p>\n<p><span style=\"font-family: Arial, sans-serif;\"><span style=\"font-size: medium;\">\u00b7 Was ist das Besondere beim Jati Schimmelpilzentferner? Wasserstoffperoxid wird schon lange gegen Schimmelpilze eingesetzt.<\/span><\/span><\/p>\n<p><span style=\"font-family: Arial, sans-serif;\"><span style=\"font-size: medium;\">Aktivsauerstoff ist beim Jati-Schimmelpilz-Entferner nur ein Nebenbestandteil. Der Erfolg des Mittels liegt vor allem in der Kombination aus Fruchts\u00e4uren und Aktivsauerstoff, der es gelingt, die Schutzmechanismen des Schimmelpilzes (Katalasen) zu durchbrechen und dessen Zellen auch von innen heraus zu zerst\u00f6ren<\/span><\/span><\/p>\n<\/div><\/div><div class=\"w-separator size_small\"><\/div><\/div><\/div><\/div><\/div><\/section><section class=\"l-section wpb_row height_medium\"><div class=\"l-section-h i-cf\"><div class=\"g-cols vc_row via_grid cols_1 laptops-cols_inherit tablets-cols_inherit mobiles-cols_1 valign_top type_default stacking_default\"><div class=\"wpb_column vc_column_container\"><div class=\"vc_column-inner\"><div class=\"wpb_text_column\"><div class=\"wpb_wrapper\"><p><span style=\"font-family: Arial, sans-serif;\"><span style=\"font-size: medium;\"><span style=\"font-size: large;\"><u><b>Wieso lassen sich mit Jati-Schimmelpilz-Entferner bessere Ergebnisse erzielen als mit h\u00f6herkonzentriertem Wasserstoffperoxid?<\/b><\/u><\/span><\/span><\/span><\/p>\n<p><span style=\"font-family: Arial, sans-serif;\"><span style=\"font-size: medium;\">Auf der Zelloberfl\u00e4che von Schimmelpilzen und Bakterien befinden sich bestimmte Enzyme, sogenannte Katalasen, die u.a. vor Wasserstoffperoxid sch\u00fctzen. Die Wirkstoffkombination des Jati-Schimmelpilz-Entferners macht diese Katalasen jedoch wirkungslos. Sie \u201eerkennen\u201c den durch die Fruchts\u00e4uren getarnten Aktivsauerstoff nicht als Gefahr f\u00fcr die Zelle.<\/span><\/span><\/p>\n<\/div><\/div><div class=\"w-separator size_small\"><\/div><\/div><\/div><\/div><\/div><\/section><section class=\"l-section wpb_row height_medium color_alternate\"><div class=\"l-section-h i-cf\"><div class=\"g-cols vc_row via_grid cols_1 laptops-cols_inherit tablets-cols_inherit mobiles-cols_1 valign_top type_default stacking_default\"><div class=\"wpb_column vc_column_container\"><div class=\"vc_column-inner\"><div class=\"wpb_text_column\"><div class=\"wpb_wrapper\"><p><span style=\"font-family: Arial, sans-serif;\"><span style=\"font-size: medium;\"><span style=\"font-size: large;\"><u><b>Wie wehren sich Mikroben gegen Wasserstoffperoxid?<\/b><\/u><\/span><\/span><\/span><\/p>\n<p><span style=\"font-family: Arial, sans-serif;\"><span style=\"font-size: medium;\">Die meisten Mikroben sind von einem Enzym-Schutzschild umgeben. Das wichtigste und wirksamste dieser Enzyme in dem Schutzschild ist die eisenhaltige Katalase. Sie zersetzt pro Sekunde mindestens die 100fache Menge ihrer Eigenkonzentration an reinem Wasserstoffperoxid (H2O2). Dieses wird dabei zu unsch\u00e4dlichem molekularen Sauerstoff (O2) und Wasser (H2O) umgewandelt. Die Mikroben werden nicht gesch\u00e4digt.<\/span><\/span><\/p>\n<\/div><\/div><div class=\"w-separator size_small\"><\/div><\/div><\/div><\/div><\/div><\/section><section class=\"l-section wpb_row height_medium\"><div class=\"l-section-h i-cf\"><div class=\"g-cols vc_row via_grid cols_1 laptops-cols_inherit tablets-cols_inherit mobiles-cols_1 valign_top type_default stacking_default\"><div class=\"wpb_column vc_column_container\"><div class=\"vc_column-inner\"><div class=\"wpb_text_column\"><div class=\"wpb_wrapper\"><p><span style=\"font-family: Arial, sans-serif;\"><span style=\"font-size: medium;\"><span style=\"font-size: large;\"><u><b>Wie \u00fcberlistet der Jati-Schimmelpilz-Entferner das Schutzschild der Mikroben?<\/b><\/u><\/span><\/span><\/span><\/p>\n<p><span style=\"font-family: Arial, sans-serif;\"><span style=\"font-size: medium;\">Im Jati-Schimmelpilz-Entferner liegt das Wasserstoffperoxid in einer durch Fruchts\u00e4uren* maskierten Form vor. Die Katalase ist hiergegen wirkungslos. Die lipidl\u00f6slichen Molek\u00fcle des Komplexes aus Fruchts\u00e4ure und Wasserstoffperoxid durchdringen alle Zellmembranen beinahe vollst\u00e4ndig und transportieren den Wirkstoff bis zu den ungesch\u00fctzten, oxidationsempfindlichen Stoffwechselenzymen.<\/span><\/span><\/p>\n<\/div><\/div><div class=\"w-separator size_small\"><\/div><\/div><\/div><\/div><\/div><\/section><section class=\"l-section wpb_row height_medium color_alternate\"><div class=\"l-section-h i-cf\"><div class=\"g-cols vc_row via_grid cols_1 laptops-cols_inherit tablets-cols_inherit mobiles-cols_1 valign_top type_default stacking_default\"><div class=\"wpb_column vc_column_container\"><div class=\"vc_column-inner\"><div class=\"wpb_text_column\"><div class=\"wpb_wrapper\"><p><span style=\"font-family: Arial, sans-serif;\"><span style=\"font-size: medium;\"><span style=\"font-size: large;\"><u><b>Wie zerst\u00f6rt Jati-Schimmelpilz-Entferner die Mikroben?<\/b><\/u><\/span><\/span><\/span><\/p>\n<p><span style=\"font-family: Arial, sans-serif;\"><span style=\"font-size: medium;\">Das in die Zelle transportierte Wasserstoffperoxid oxidiert bevorzugt Strukturelemente mit S-H- oder S-S-Gruppen. So werden unter anderem der Proteinbiosyntheseapparat und die Bausteine der Erbsubstanz DNS zerst\u00f6rt. Der Zellstoffwechsel bricht zusammen, die Mikrobe stirbt ab.<\/span><\/span><\/p>\n<\/div><\/div><div class=\"w-separator size_small\"><\/div><\/div><\/div><\/div><\/div><\/section>\n","protected":false},"excerpt":{"rendered":"","protected":false},"author":2,"featured_media":0,"parent":0,"menu_order":0,"comment_status":"closed","ping_status":"closed","template":"","meta":{"footnotes":""},"class_list":["post-61","page","type-page","status-publish","hentry"],"_links":{"self":[{"href":"https:\/\/www.jati-schimmelpilzentferner.de\/index.php\/wp-json\/wp\/v2\/pages\/61","targetHints":{"allow":["GET"]}}],"collection":[{"href":"https:\/\/www.jati-schimmelpilzentferner.de\/index.php\/wp-json\/wp\/v2\/pages"}],"about":[{"href":"https:\/\/www.jati-schimmelpilzentferner.de\/index.php\/wp-json\/wp\/v2\/types\/page"}],"author":[{"embeddable":true,"href":"https:\/\/www.jati-schimmelpilzentferner.de\/index.php\/wp-json\/wp\/v2\/users\/2"}],"replies":[{"embeddable":true,"href":"https:\/\/www.jati-schimmelpilzentferner.de\/index.php\/wp-json\/wp\/v2\/comments?post=61"}],"version-history":[{"count":10,"href":"https:\/\/www.jati-schimmelpilzentferner.de\/index.php\/wp-json\/wp\/v2\/pages\/61\/revisions"}],"predecessor-version":[{"id":231,"href":"https:\/\/www.jati-schimmelpilzentferner.de\/index.php\/wp-json\/wp\/v2\/pages\/61\/revisions\/231"}],"wp:attachment":[{"href":"https:\/\/www.jati-schimmelpilzentferner.de\/index.php\/wp-json\/wp\/v2\/media?parent=61"}],"curies":[{"name":"wp","href":"https:\/\/api.w.org\/{rel}","templated":true}]}}